{"id":10406,"date":"2017-04-06T17:07:05","date_gmt":"2017-04-06T21:07:05","guid":{"rendered":"http:\/\/www.pier21am.com\/fr\/?page_id=10406"},"modified":"2025-08-20T11:58:44","modified_gmt":"2025-08-20T15:58:44","slug":"contactez-nous","status":"publish","type":"page","link":"http:\/\/www.pier21am.com\/fr\/contactez-nous\/","title":{"rendered":"Contactez-nous"},"content":{"rendered":"<div class=\"row \"><div class=\"wpv-grid grid-1-1  wpv-first-level first unextended animation-fade-in animated-active\" style=\"padding-top:0px;padding-bottom:0px\" id=\"main-contact\" >\t\t<h2 class=\"text-divider-double\">\t\t\tContactez-nous\t\t<\/h2>\t\t<div class=\"sep\"><\/div>\t<div class=\"row \"><div class=\"wpv-grid grid-1-3  first unextended animation-fade-in animated-active\" style=\"padding-top:0px;padding-bottom:0px\" id=\"wpv-column-b74298bc41bafdf3ce046ca2edfa9e33\" ><p style=\"text-align: center;\"><span class='icon shortcode theme  use-hover' style='font-size:32px !important;color:ad904e;'>&#57547;<\/span>\n<p style=\"text-align: center;\">Gestion d&rsquo;actifs Pier 21.<br \/>\n1751 rue Richardson, Suite 2.200<br \/>\nMontr\u00e9al, Qu\u00e9bec, Canada H3K 1G6.<\/div>\n<div class=\"wpv-grid grid-1-3  unextended\" style=\"padding-top:0px;padding-bottom:0px\" id=\"wpv-column-4166dee179e2972252f126f8460742d5\" ><div class=\"frame\"><div id=\"google_map_560\" class=\"google_map\" style=\"height:250px;\"><\/div><\/div>\n<script type=\"text\/javascript\">\njQuery(document).ready(function($) {\n\tjQuery(\"#google_map_560\").gMap({\n\t\tzoom: 13,\n\n\n\t\t\tmarkers:[{\n\t\t\taddress: \"\",\n\t\t\tlatitude: 45.484073,\n\t\t\tlongitude: -73.562094,\n\t\t\thtml: '',\n\t\t\tpopup: true\t\t}],\n\t\n\t\tcontrols: [],\n\t\tmaptype: 'ROADMAP',\n\t\tscrollwheel:false,\n\t\tcustom: {\n\t\t\tstyles: [\n\t\t\t\t{\n\t\t\t\t\tstylers: [\n\t\t\t\t\t\t{ inverse_lightness: false }\n\t\t\t\t\t\t\t\t\t\t\t]\n\t\t\t\t}\n\t\t\t]\n\t\t}\n\t});\n});\n<\/script><\/div>\n<div class=\"wpv-grid grid-1-3  unextended animation-fade-in animated-active\" style=\"padding-top:0px;padding-bottom:0px\" id=\"wpv-column-615ed50cda93180551d2e5022623abcc\" ><p style=\"text-align: center;\"><span class='icon shortcode theme  use-hover' style='font-size:32px !important;color:ad904e;'>&#57471;<\/span>\n<p style=\"text-align: center;\">T\u00e9l : (514)\u00a0397-4027<br \/>\nFax : (514) 397-8700<\/div><\/div>\n<div class=\"push\" style='margin-bottom:-40px'><\/div>\n<div class=\"sep-3\"><\/div><\/div><\/div>\n","protected":false},"excerpt":{"rendered":"<p>Gestion d&rsquo;actifs Pier 21. 1751 rue Richardson, Suite 2.200 Montr\u00e9al, Qu\u00e9bec, Canada H3K 1G6. T\u00e9l : (514)\u00a0397-4027 Fax : (514) 397-8700<\/p>\n","protected":false},"author":1,"featured_media":0,"parent":0,"menu_order":3,"comment_status":"closed","ping_status":"closed","template":"","meta":{"footnotes":""},"class_list":["post-10406","page","type-page","status-publish","hentry"],"yoast_head":"<!-- This site is optimized with the Yoast SEO plugin v27.0 - https:\/\/yoast.com\/product\/yoast-seo-wordpress\/ -->\n<title>Contactez-nous - Pier 21 Asset Management<\/title>\n<meta name=\"robots\" content=\"index, follow, max-snippet:-1, max-image-preview:large, max-video-preview:-1\" \/>\n<link rel=\"canonical\" href=\"http:\/\/www.pier21am.com\/fr\/contactez-nous\/\" \/>\n<meta property=\"og:locale\" content=\"fr_FR\" \/>\n<meta property=\"og:type\" content=\"article\" \/>\n<meta property=\"og:title\" content=\"Contactez-nous - Pier 21 Asset Management\" \/>\n<meta property=\"og:description\" content=\"Gestion d&rsquo;actifs Pier 21. 1751 rue Richardson, Suite 2.200 Montr\u00e9al, Qu\u00e9bec, Canada H3K 1G6. T\u00e9l : (514)\u00a0397-4027 Fax : (514) 397-8700\" \/>\n<meta property=\"og:url\" content=\"http:\/\/www.pier21am.com\/fr\/contactez-nous\/\" \/>\n<meta property=\"og:site_name\" content=\"Pier 21 Asset Management\" \/>\n<meta property=\"article:modified_time\" content=\"2025-08-20T15:58:44+00:00\" \/>\n<meta name=\"twitter:card\" content=\"summary_large_image\" \/>\n<meta name=\"twitter:label1\" content=\"Dur\u00e9e de lecture estim\u00e9e\" \/>\n\t<meta name=\"twitter:data1\" content=\"1 minute\" \/>\n<script type=\"application\/ld+json\" class=\"yoast-schema-graph\">{\"@context\":\"https:\/\/schema.org\",\"@graph\":[{\"@type\":\"WebPage\",\"@id\":\"http:\/\/www.pier21am.com\/fr\/contactez-nous\/\",\"url\":\"http:\/\/www.pier21am.com\/fr\/contactez-nous\/\",\"name\":\"Contactez-nous - Pier 21 Asset Management\",\"isPartOf\":{\"@id\":\"https:\/\/pier21am.com\/#website\"},\"datePublished\":\"2017-04-06T21:07:05+00:00\",\"dateModified\":\"2025-08-20T15:58:44+00:00\",\"breadcrumb\":{\"@id\":\"http:\/\/www.pier21am.com\/fr\/contactez-nous\/#breadcrumb\"},\"inLanguage\":\"fr-FR\",\"potentialAction\":[{\"@type\":\"ReadAction\",\"target\":[\"http:\/\/www.pier21am.com\/fr\/contactez-nous\/\"]}]},{\"@type\":\"BreadcrumbList\",\"@id\":\"http:\/\/www.pier21am.com\/fr\/contactez-nous\/#breadcrumb\",\"itemListElement\":[{\"@type\":\"ListItem\",\"position\":1,\"name\":\"Accueil\",\"item\":\"https:\/\/www.pier21am.com\/fr\/\"},{\"@type\":\"ListItem\",\"position\":2,\"name\":\"Contactez-nous\"}]},{\"@type\":\"WebSite\",\"@id\":\"https:\/\/pier21am.com\/#website\",\"url\":\"https:\/\/pier21am.com\/\",\"name\":\"Pier 21 Asset Management\",\"description\":\"\",\"potentialAction\":[{\"@type\":\"SearchAction\",\"target\":{\"@type\":\"EntryPoint\",\"urlTemplate\":\"https:\/\/pier21am.com\/?s={search_term_string}\"},\"query-input\":{\"@type\":\"PropertyValueSpecification\",\"valueRequired\":true,\"valueName\":\"search_term_string\"}}],\"inLanguage\":\"fr-FR\"}]}<\/script>\n<!-- \/ Yoast SEO plugin. -->","yoast_head_json":{"title":"Contactez-nous - Pier 21 Asset Management","robots":{"index":"index","follow":"follow","max-snippet":"max-snippet:-1","max-image-preview":"max-image-preview:large","max-video-preview":"max-video-preview:-1"},"canonical":"http:\/\/www.pier21am.com\/fr\/contactez-nous\/","og_locale":"fr_FR","og_type":"article","og_title":"Contactez-nous - Pier 21 Asset Management","og_description":"Gestion d&rsquo;actifs Pier 21. 1751 rue Richardson, Suite 2.200 Montr\u00e9al, Qu\u00e9bec, Canada H3K 1G6. T\u00e9l : (514)\u00a0397-4027 Fax : (514) 397-8700","og_url":"http:\/\/www.pier21am.com\/fr\/contactez-nous\/","og_site_name":"Pier 21 Asset Management","article_modified_time":"2025-08-20T15:58:44+00:00","twitter_card":"summary_large_image","twitter_misc":{"Dur\u00e9e de lecture estim\u00e9e":"1 minute"},"schema":{"@context":"https:\/\/schema.org","@graph":[{"@type":"WebPage","@id":"http:\/\/www.pier21am.com\/fr\/contactez-nous\/","url":"http:\/\/www.pier21am.com\/fr\/contactez-nous\/","name":"Contactez-nous - Pier 21 Asset Management","isPartOf":{"@id":"https:\/\/pier21am.com\/#website"},"datePublished":"2017-04-06T21:07:05+00:00","dateModified":"2025-08-20T15:58:44+00:00","breadcrumb":{"@id":"http:\/\/www.pier21am.com\/fr\/contactez-nous\/#breadcrumb"},"inLanguage":"fr-FR","potentialAction":[{"@type":"ReadAction","target":["http:\/\/www.pier21am.com\/fr\/contactez-nous\/"]}]},{"@type":"BreadcrumbList","@id":"http:\/\/www.pier21am.com\/fr\/contactez-nous\/#breadcrumb","itemListElement":[{"@type":"ListItem","position":1,"name":"Accueil","item":"https:\/\/www.pier21am.com\/fr\/"},{"@type":"ListItem","position":2,"name":"Contactez-nous"}]},{"@type":"WebSite","@id":"https:\/\/pier21am.com\/#website","url":"https:\/\/pier21am.com\/","name":"Pier 21 Asset Management","description":"","potentialAction":[{"@type":"SearchAction","target":{"@type":"EntryPoint","urlTemplate":"https:\/\/pier21am.com\/?s={search_term_string}"},"query-input":{"@type":"PropertyValueSpecification","valueRequired":true,"valueName":"search_term_string"}}],"inLanguage":"fr-FR"}]}},"_links":{"self":[{"href":"http:\/\/www.pier21am.com\/fr\/wp-json\/wp\/v2\/pages\/10406","targetHints":{"allow":["GET"]}}],"collection":[{"href":"http:\/\/www.pier21am.com\/fr\/wp-json\/wp\/v2\/pages"}],"about":[{"href":"http:\/\/www.pier21am.com\/fr\/wp-json\/wp\/v2\/types\/page"}],"author":[{"embeddable":true,"href":"http:\/\/www.pier21am.com\/fr\/wp-json\/wp\/v2\/users\/1"}],"replies":[{"embeddable":true,"href":"http:\/\/www.pier21am.com\/fr\/wp-json\/wp\/v2\/comments?post=10406"}],"version-history":[{"count":12,"href":"http:\/\/www.pier21am.com\/fr\/wp-json\/wp\/v2\/pages\/10406\/revisions"}],"predecessor-version":[{"id":10717,"href":"http:\/\/www.pier21am.com\/fr\/wp-json\/wp\/v2\/pages\/10406\/revisions\/10717"}],"wp:attachment":[{"href":"http:\/\/www.pier21am.com\/fr\/wp-json\/wp\/v2\/media?parent=10406"}],"curies":[{"name":"wp","href":"https:\/\/api.w.org\/{rel}","templated":true}]}}