{"id":10383,"date":"2016-11-02T13:26:48","date_gmt":"2016-11-02T17:26:48","guid":{"rendered":"http:\/\/pier21am.local.humanequation.co\/fr\/investment-services\/"},"modified":"2025-06-18T15:49:25","modified_gmt":"2025-06-18T19:49:25","slug":"solution-investissement","status":"publish","type":"page","link":"http:\/\/www.pier21am.com\/fr\/solution-investissement\/","title":{"rendered":"Nos services"},"content":{"rendered":"<div class=\"row \"><div class=\"wpv-grid grid-1-6  wpv-first-level first unextended\" style=\"padding-top:0px;padding-bottom:0px\" id=\"wpv-column-db011770e0b622134c940e37361ebdc3\" ><div class=\"push\" style='height:30px'><\/div><\/div>\n<div class=\"wpv-grid grid-2-3  wpv-first-level unextended\" style=\"padding-top:0px;padding-bottom:0px\" id=\"wpv-column-c1f269d5874b6ac4e52a2908fa25493b\" >\t\t<h2 class=\"text-divider-double\">\t\t\tACC\u00c8S.  CHOIX.  SOLUTIONS.\t\t<\/h2>\t\t<div class=\"sep\"><\/div>\t<div class=\"row \"><div class=\"wpv-grid grid-1-1  first unextended\" style=\"padding-top:0px;padding-bottom:0px\" id=\"wpv-column-835652aa2b6aad601e82b5cd4ced6f4b\" ><p style=\"text-align: center;\">Gestion d\u2019actifs Pier 21 offre des solutions d\u2019investissement exclusives par l\u2019entremise de partenaires \u00e9trangers soigneusement s\u00e9lectionn\u00e9s qui ne seraient autrement pas disponibles au Canada.<\/p>\n<p style=\"text-align: center;\">Nous proc\u00e9dons \u00e0 des contr\u00f4les diligents, rigoureux et syst\u00e9matiques afin de nous assurer que nos partenaires sous-conseillers r\u00e9pondent aux crit\u00e8res institutionnels. Notre \u00e9quipe est enti\u00e8rement responsable de toutes les responsabilit\u00e9s fiduciaires. Nous offrons \u00e9galement un service local \u00e0 notre client\u00e8le.<\/p>\n<p style=\"text-align: center;\">Nos services reposent sur trois principes fondamentaux\u00a0: \u00a0 Acc\u00e8s. \u00a0 Choix. \u00a0 Solutions.<\/div><\/div><\/div>\n<div class=\"wpv-grid grid-1-6  wpv-first-level unextended\" style=\"padding-top:0px;padding-bottom:0px\" id=\"wpv-column-2d60be4e4de21e7d9dbc04a56147d0ad\" ><div class=\"push\" style='height:30px'><\/div><\/div><\/div>\n<div class=\"row \"><div class=\"wpv-grid grid-1-1 list-bloc wpv-first-level first unextended\" style=\"padding-top:40px;padding-bottom:0px\" id=\"wpv-column-33f0e8f747a49c27ca37fafdcab6fb94\" ><div class=\"row \"><div class=\"wpv-grid grid-1-3 bloc first unextended\" style=\"padding-top:0px;padding-bottom:0px\" id=\"wpv-column-03dee2cd822e618706c6c7e4fc454bc4\" ><div class=\"row \"><div class=\"wpv-grid grid-1-1  first unextended\" style=\"padding-top:0px;padding-bottom:0px\" id=\"wpv-column-51d45b3bd2cc29d7bbd0cf1eaaf5852d\" ><h3 style=\"text-align: center;\"><strong>ACC\u00c8S.<\/strong><\/h3>\n<p style=\"text-align: left;\">Les investisseurs institutionnels peuvent acc\u00e9der \u00e0 nos strat\u00e9gies exclusives sous forme de fonds de placement institutionnels \u00e9tablis au Canada, de mandats distincts, de mod\u00e8les de portefeuilles et de plateformes de r\u00e9gime \u00e0 cotisations d\u00e9termin\u00e9es. En tant que soci\u00e9t\u00e9 inscrite, nous offrons un point d\u2019acc\u00e8s cl\u00e9s en main vers le march\u00e9 canadien pour nos partenariats exclusifs en gestion de portefeuille.<\/div><\/div><\/div>\n<div class=\"wpv-grid grid-1-3 bloc unextended\" style=\"padding-top:0px;padding-bottom:0px\" id=\"wpv-column-9ace56b1e7066170dfdd0f8cc7a51824\" ><div class=\"row \"><div class=\"wpv-grid grid-1-1  first unextended\" style=\"padding-top:0px;padding-bottom:0px\" id=\"wpv-column-7854820ee242f87865991e84134dbefd\" ><h3 style=\"text-align: center;\">CHOIX.<\/h3>\n<p style=\"text-align: left;\">Nous avons pass\u00e9 plusieurs ann\u00e9es \u00e0 effectuer des recherches \u00e0 l\u2019\u00e9chelle de la plan\u00e8te pour offrir \u00e0 nos clients des strat\u00e9gies de placements mondiales \u00e9prouv\u00e9es. Nos gestionnaires de portefeuille soigneusement s\u00e9lectionn\u00e9s apportent leur savoir-faire dans un vaste \u00e9ventail de classes d\u2019actifs mondiales.<\/p>\n<p style=\"text-align: left;\">Afin de r\u00e9pondre aux demandes du march\u00e9 institutionnel, nos strat\u00e9gies proposent une vaste gamme de caract\u00e9ristiques d\u2019investissements compl\u00e9mentaires comme\u00a0:<\/div><\/div>\n<div class=\"row \"><div class=\"wpv-grid grid-1-1  first unextended\" style=\"padding-top:0px;padding-bottom:0px\" id=\"wpv-column-df12746dcdafaa302c076b4ddce3c44c\" ><div style=\"text-align: left;\">\n<ul>\n<li>Objectif de rendement absolu<\/li>\n<li>Protection contre l\u2019inflation<\/li>\n<li>Forte conviction<\/li>\n<li>Approche th\u00e9matique<\/li>\n<\/ul>\n<\/div><\/div><\/div><\/div>\n<div class=\"wpv-grid grid-1-3 bloc unextended\" style=\"padding-top:0px;padding-bottom:0px\" id=\"wpv-column-b3f138cc0fbf8c5da47168302527d4a3\" ><div class=\"row \"><div class=\"wpv-grid grid-1-1  first unextended\" style=\"padding-top:0px;padding-bottom:0px\" id=\"wpv-column-181f394e1618eab3761b4e6620c7db09\" ><h3 style=\"text-align: center;\">SOLUTIONS.<\/h3>\n<p style=\"text-align: left;\">Pier\u00a021 s\u2019engage \u00e0 offrir aux investisseurs institutionnels canadiens une expertise en mati\u00e8re de gestion de placements \u00e9trangers. Certaines de nos strat\u00e9gies comprennent\u00a0:<\/div><\/div>\n<div class=\"row \"><div class=\"wpv-grid grid-1-1  first unextended\" style=\"padding-top:0px;padding-bottom:0px\" id=\"wpv-column-88ae002b1066e882e4a58541adee3705\" ><div style=\"text-align: left;\">\n<ul>\n<li>Fonds d\u2019actions mondiales Pier\u00a021<\/li>\n<li>Fonds d\u2019actions internationales Pier\u00a021<\/li>\n<\/ul>\n<p>Un portefeuilles \u00e0 tr\u00e8s forte capitalisation et forte conviction de 30\u00a0actions, s\u00e9lectionn\u00e9s au moyen du m\u00eame processus d\u2019investissement \u00e9prouv\u00e9 ayant forg\u00e9 la r\u00e9putation de notre sous-conseiller au cours des 30\u00a0derni\u00e8res ann\u00e9es.<\/p>\n<hr \/>\n<div>\n<ul style=\"text-align: left;\">\n<li>Fonds valeurs mondiales Pier 21<\/li>\n<\/ul>\n<\/div>\n<p>Un portefeuille concentr\u00e9 \u00e0 faible volatilit\u00e9 ax\u00e9 sur le rendement absolu qui investit dans des soci\u00e9t\u00e9s de pays d\u00e9velopp\u00e9s tout en offrant un contr\u00f4le des risques rigoureux pour la protection du capital.<\/p>\n<hr \/>\n<div>\n<ul style=\"text-align: left;\">\n<li>Fonds de march\u00e9s \u00e9mergents Pier\u00a021<\/li>\n<\/ul>\n<\/div>\n<p>Un portefeuille concentr\u00e9 \u00e0 faible volatilit\u00e9 de 40\u00a0actions de qualit\u00e9, \u00e0 forte capitalisation, et combinant la recherche fondamentale d\u2019actions \u00e0 l\u2019analyse du march\u00e9 et o\u00f9 la gestion des risques est un \u00e9l\u00e9ment fondamental du processus d\u2019investissement.<\/p>\n<hr \/>\n<div>\n<ul style=\"text-align: left;\">\n<li style=\"text-align: left;\">Fonds d\u2019actifs r\u00e9els list\u00e9s Pier 21<\/li>\n<\/ul>\n<\/div>\n<p style=\"text-align: left;\">La strat\u00e9gie utilise l&rsquo;\u00e9valuation de la valeur relative en utilisant des paires d&rsquo;actifs r\u00e9els r\u00e9partis entre trois cat\u00e9gories d&rsquo;actions, deux cat\u00e9gories de titres \u00e0 revenu fixe et une allocation tactique. Le portefeuille est con\u00e7u pour fournir une protection contre l&rsquo;inflation avec un potentiel de protection contre les baisses, et offre un acc\u00e8s aux actifs r\u00e9els avec une liquidit\u00e9 quotidienne, des co\u00fbts d&rsquo;entr\u00e9e et de sortie inf\u00e9rieurs \u00e0 ceux des actifs priv\u00e9s et une forte diversification par rapport aux indices de r\u00e9f\u00e9rence traditionnels.<\/p>\n<\/div><\/div><\/div><\/div><\/div><\/div><\/div>\n<div class=\"push\" style='height:30px'><\/div>\n<div class=\"push\" style='height:30px'><\/div>\n","protected":false},"excerpt":{"rendered":"<p>Gestion d\u2019actifs Pier 21 offre des solutions d\u2019investissement exclusives par l\u2019entremise de partenaires \u00e9trangers soigneusement s\u00e9lectionn\u00e9s qui ne seraient autrement pas disponibles au Canada. Nous proc\u00e9dons \u00e0 des contr\u00f4les diligents, rigoureux et syst\u00e9matiques afin de nous assurer que nos partenaires sous-conseillers r\u00e9pondent aux crit\u00e8res institutionnels. Notre \u00e9quipe est enti\u00e8rement responsable de toutes les responsabilit\u00e9s fiduciaires&#8230;.<\/p>\n","protected":false},"author":1,"featured_media":0,"parent":0,"menu_order":0,"comment_status":"closed","ping_status":"closed","template":"","meta":{"footnotes":""},"class_list":["post-10383","page","type-page","status-publish","hentry"],"yoast_head":"<!-- This site is optimized with the Yoast SEO plugin v27.0 - https:\/\/yoast.com\/product\/yoast-seo-wordpress\/ -->\n<title>Nos services - Pier 21 Asset Management<\/title>\n<meta name=\"robots\" content=\"index, follow, max-snippet:-1, max-image-preview:large, max-video-preview:-1\" \/>\n<link rel=\"canonical\" href=\"http:\/\/www.pier21am.com\/fr\/solution-investissement\/\" \/>\n<meta property=\"og:locale\" content=\"fr_FR\" \/>\n<meta property=\"og:type\" content=\"article\" \/>\n<meta property=\"og:title\" content=\"Nos services - Pier 21 Asset Management\" \/>\n<meta property=\"og:description\" content=\"Gestion d\u2019actifs Pier 21 offre des solutions d\u2019investissement exclusives par l\u2019entremise de partenaires \u00e9trangers soigneusement s\u00e9lectionn\u00e9s qui ne seraient autrement pas disponibles au Canada. Nous proc\u00e9dons \u00e0 des contr\u00f4les diligents, rigoureux et syst\u00e9matiques afin de nous assurer que nos partenaires sous-conseillers r\u00e9pondent aux crit\u00e8res institutionnels. Notre \u00e9quipe est enti\u00e8rement responsable de toutes les responsabilit\u00e9s fiduciaires....\" \/>\n<meta property=\"og:url\" content=\"http:\/\/www.pier21am.com\/fr\/solution-investissement\/\" \/>\n<meta property=\"og:site_name\" content=\"Pier 21 Asset Management\" \/>\n<meta property=\"article:modified_time\" content=\"2025-06-18T19:49:25+00:00\" \/>\n<meta name=\"twitter:card\" content=\"summary_large_image\" \/>\n<meta name=\"twitter:label1\" content=\"Dur\u00e9e de lecture estim\u00e9e\" \/>\n\t<meta name=\"twitter:data1\" content=\"4 minutes\" \/>\n<script type=\"application\/ld+json\" class=\"yoast-schema-graph\">{\"@context\":\"https:\/\/schema.org\",\"@graph\":[{\"@type\":\"WebPage\",\"@id\":\"http:\/\/www.pier21am.com\/fr\/solution-investissement\/\",\"url\":\"http:\/\/www.pier21am.com\/fr\/solution-investissement\/\",\"name\":\"Nos services - Pier 21 Asset Management\",\"isPartOf\":{\"@id\":\"https:\/\/pier21am.com\/#website\"},\"datePublished\":\"2016-11-02T17:26:48+00:00\",\"dateModified\":\"2025-06-18T19:49:25+00:00\",\"breadcrumb\":{\"@id\":\"http:\/\/www.pier21am.com\/fr\/solution-investissement\/#breadcrumb\"},\"inLanguage\":\"fr-FR\",\"potentialAction\":[{\"@type\":\"ReadAction\",\"target\":[\"http:\/\/www.pier21am.com\/fr\/solution-investissement\/\"]}]},{\"@type\":\"BreadcrumbList\",\"@id\":\"http:\/\/www.pier21am.com\/fr\/solution-investissement\/#breadcrumb\",\"itemListElement\":[{\"@type\":\"ListItem\",\"position\":1,\"name\":\"Accueil\",\"item\":\"https:\/\/www.pier21am.com\/fr\/\"},{\"@type\":\"ListItem\",\"position\":2,\"name\":\"Nos services\"}]},{\"@type\":\"WebSite\",\"@id\":\"https:\/\/pier21am.com\/#website\",\"url\":\"https:\/\/pier21am.com\/\",\"name\":\"Pier 21 Asset Management\",\"description\":\"\",\"potentialAction\":[{\"@type\":\"SearchAction\",\"target\":{\"@type\":\"EntryPoint\",\"urlTemplate\":\"https:\/\/pier21am.com\/?s={search_term_string}\"},\"query-input\":{\"@type\":\"PropertyValueSpecification\",\"valueRequired\":true,\"valueName\":\"search_term_string\"}}],\"inLanguage\":\"fr-FR\"}]}<\/script>\n<!-- \/ Yoast SEO plugin. -->","yoast_head_json":{"title":"Nos services - Pier 21 Asset Management","robots":{"index":"index","follow":"follow","max-snippet":"max-snippet:-1","max-image-preview":"max-image-preview:large","max-video-preview":"max-video-preview:-1"},"canonical":"http:\/\/www.pier21am.com\/fr\/solution-investissement\/","og_locale":"fr_FR","og_type":"article","og_title":"Nos services - Pier 21 Asset Management","og_description":"Gestion d\u2019actifs Pier 21 offre des solutions d\u2019investissement exclusives par l\u2019entremise de partenaires \u00e9trangers soigneusement s\u00e9lectionn\u00e9s qui ne seraient autrement pas disponibles au Canada. Nous proc\u00e9dons \u00e0 des contr\u00f4les diligents, rigoureux et syst\u00e9matiques afin de nous assurer que nos partenaires sous-conseillers r\u00e9pondent aux crit\u00e8res institutionnels. Notre \u00e9quipe est enti\u00e8rement responsable de toutes les responsabilit\u00e9s fiduciaires....","og_url":"http:\/\/www.pier21am.com\/fr\/solution-investissement\/","og_site_name":"Pier 21 Asset Management","article_modified_time":"2025-06-18T19:49:25+00:00","twitter_card":"summary_large_image","twitter_misc":{"Dur\u00e9e de lecture estim\u00e9e":"4 minutes"},"schema":{"@context":"https:\/\/schema.org","@graph":[{"@type":"WebPage","@id":"http:\/\/www.pier21am.com\/fr\/solution-investissement\/","url":"http:\/\/www.pier21am.com\/fr\/solution-investissement\/","name":"Nos services - Pier 21 Asset Management","isPartOf":{"@id":"https:\/\/pier21am.com\/#website"},"datePublished":"2016-11-02T17:26:48+00:00","dateModified":"2025-06-18T19:49:25+00:00","breadcrumb":{"@id":"http:\/\/www.pier21am.com\/fr\/solution-investissement\/#breadcrumb"},"inLanguage":"fr-FR","potentialAction":[{"@type":"ReadAction","target":["http:\/\/www.pier21am.com\/fr\/solution-investissement\/"]}]},{"@type":"BreadcrumbList","@id":"http:\/\/www.pier21am.com\/fr\/solution-investissement\/#breadcrumb","itemListElement":[{"@type":"ListItem","position":1,"name":"Accueil","item":"https:\/\/www.pier21am.com\/fr\/"},{"@type":"ListItem","position":2,"name":"Nos services"}]},{"@type":"WebSite","@id":"https:\/\/pier21am.com\/#website","url":"https:\/\/pier21am.com\/","name":"Pier 21 Asset Management","description":"","potentialAction":[{"@type":"SearchAction","target":{"@type":"EntryPoint","urlTemplate":"https:\/\/pier21am.com\/?s={search_term_string}"},"query-input":{"@type":"PropertyValueSpecification","valueRequired":true,"valueName":"search_term_string"}}],"inLanguage":"fr-FR"}]}},"_links":{"self":[{"href":"http:\/\/www.pier21am.com\/fr\/wp-json\/wp\/v2\/pages\/10383","targetHints":{"allow":["GET"]}}],"collection":[{"href":"http:\/\/www.pier21am.com\/fr\/wp-json\/wp\/v2\/pages"}],"about":[{"href":"http:\/\/www.pier21am.com\/fr\/wp-json\/wp\/v2\/types\/page"}],"author":[{"embeddable":true,"href":"http:\/\/www.pier21am.com\/fr\/wp-json\/wp\/v2\/users\/1"}],"replies":[{"embeddable":true,"href":"http:\/\/www.pier21am.com\/fr\/wp-json\/wp\/v2\/comments?post=10383"}],"version-history":[{"count":17,"href":"http:\/\/www.pier21am.com\/fr\/wp-json\/wp\/v2\/pages\/10383\/revisions"}],"predecessor-version":[{"id":10713,"href":"http:\/\/www.pier21am.com\/fr\/wp-json\/wp\/v2\/pages\/10383\/revisions\/10713"}],"wp:attachment":[{"href":"http:\/\/www.pier21am.com\/fr\/wp-json\/wp\/v2\/media?parent=10383"}],"curies":[{"name":"wp","href":"https:\/\/api.w.org\/{rel}","templated":true}]}}